{"id":3958,"date":"2025-08-08T11:31:12","date_gmt":"2025-08-08T18:31:12","guid":{"rendered":"https:\/\/bekins.world\/?page_id=3958"},"modified":"2025-08-09T01:24:25","modified_gmt":"2025-08-09T08:24:25","slug":"moving-to-budapest-hungary-from-canada-now","status":"publish","type":"page","link":"https:\/\/bekins.world\/index.php\/moving-to-budapest-hungary-from-canada-now\/","title":{"rendered":"Moving to Budapest, Hungary from Canada &#8211; Now"},"content":{"rendered":"\n<div class=\"wp-block-columns alignfull eplus-wrapper is-layout-flex wp-container-core-columns-is-layout-a3fb4261 wp-block-columns-is-layout-flex\" style=\"padding-right:2rem;padding-left:2rem\">\n<div class=\"wp-block-column eplus-wrapper is-layout-flow wp-block-column-is-layout-flow\" style=\"border-radius:25px;border-top-color:var(--wp--preset--color--custom-color-5);border-top-width:3px;border-right-color:var(--wp--preset--color--custom-color-5);border-right-width:2px;border-bottom-color:var(--wp--preset--color--custom-color-5);border-bottom-width:4px;border-left-color:var(--wp--preset--color--custom-color-5);border-left-width:5px;padding-top:10px;padding-right:5px;padding-bottom:0px;padding-left:8px;flex-basis:24.9%\">\n<h3 class=\"wp-block-heading has-text-align-center\">Arrange Moving to Budapest Now<\/h3>\n\n\n<style id=\"wpforms-css-vars-3351\">\n\t\t\t\t#wpforms-3351 {\n\t\t\t\t\n\t\t\t}\n\t\t\t<\/style><div class=\"wpforms-container wpforms-container-full wpforms-render-modern\" id=\"wpforms-3351\"><form id=\"wpforms-form-3351\" class=\"wpforms-validate wpforms-form wpforms-ajax-form\" data-formid=\"3351\" method=\"post\" enctype=\"multipart\/form-data\" action=\"\/index.php\/wp-json\/wp\/v2\/pages\/3958\" data-token=\"f07b8551295150b9c31ca3ce611adabb\" data-token-time=\"1775405483\"><noscript class=\"wpforms-error-noscript\">Please enable JavaScript in your browser to complete this form.<\/noscript><div id=\"wpforms-error-noscript\" style=\"display: none;\">Please enable JavaScript in your browser to complete this form.<\/div><div class=\"wpforms-field-container\"><div id=\"wpforms-3351-field_0-container\" class=\"wpforms-field wpforms-field-name\" data-field-type=\"name\" data-field-id=\"0\"><label class=\"wpforms-field-label\" for=\"wpforms-3351-field_0\">Name <span class=\"wpforms-required-label\" aria-hidden=\"true\">*<\/span><\/label><input type=\"text\" id=\"wpforms-3351-field_0\" class=\"wpforms-field-large wpforms-field-required\" name=\"wpforms[fields][0]\" aria-errormessage=\"wpforms-3351-field_0-error\" required><\/div><div id=\"wpforms-3351-field_4-container\" class=\"wpforms-field wpforms-field-phone\" data-field-type=\"phone\" data-field-id=\"4\"><label class=\"wpforms-field-label\" for=\"wpforms-3351-field_4\">The phone number to use for calls OR texts... <span class=\"wpforms-required-label\" aria-hidden=\"true\">*<\/span><\/label><input type=\"tel\" id=\"wpforms-3351-field_4\" class=\"wpforms-field-medium wpforms-field-required\" data-rule-int-phone-field=\"true\" name=\"wpforms[fields][4]\" placeholder=\"XXX - XXX - XXXX\" aria-label=\"The phone number to use for calls OR texts...\" aria-errormessage=\"wpforms-3351-field_4-error\" required><\/div><div id=\"wpforms-3351-field_1-container\" class=\"wpforms-field wpforms-field-email\" data-field-type=\"email\" data-field-id=\"1\"><label class=\"wpforms-field-label\" for=\"wpforms-3351-field_1\">Your email <span class=\"wpforms-required-label\" aria-hidden=\"true\">*<\/span><\/label><input type=\"email\" id=\"wpforms-3351-field_1\" class=\"wpforms-field-large wpforms-field-required\" name=\"wpforms[fields][1]\" spellcheck=\"false\" aria-errormessage=\"wpforms-3351-field_1-error\" required><\/div><div id=\"wpforms-3351-field_16-container\" class=\"wpforms-field wpforms-field-text\" data-field-type=\"text\" data-field-id=\"16\"><label class=\"wpforms-field-label\" for=\"wpforms-3351-field_16\">From what Canadian city do you want to move to Budapest<\/label><input type=\"text\" id=\"wpforms-3351-field_16\" class=\"wpforms-field-large\" name=\"wpforms[fields][16]\" aria-errormessage=\"wpforms-3351-field_16-error\" ><\/div><div id=\"wpforms-3351-field_18-container\" class=\"wpforms-field wpforms-field-select wpforms-field-select-style-classic\" data-field-type=\"select\" data-field-id=\"18\"><label class=\"wpforms-field-label\" for=\"wpforms-3351-field_18\">What are you moving ...<\/label><select id=\"wpforms-3351-field_18\" class=\"wpforms-field-medium\" name=\"wpforms[fields][18]\"><option value=\"Home\"  selected='selected' class=\"choice-1 depth-1\"  >Home<\/option><option value=\"Vehicle\"  class=\"choice-2 depth-1\"  >Vehicle<\/option><option value=\"Both Home and Vehicle\"  class=\"choice-3 depth-1\"  >Both Home and Vehicle<\/option><\/select><\/div><div id=\"wpforms-3351-field_19-container\" class=\"wpforms-field wpforms-field-select wpforms-field-select-style-classic\" data-field-type=\"select\" data-field-id=\"19\"><label class=\"wpforms-field-label\" for=\"wpforms-3351-field_19\">Size of Move ...<\/label><select id=\"wpforms-3351-field_19\" class=\"wpforms-field-medium\" name=\"wpforms[fields][19]\"><option value=\"Studio\"  class=\"choice-1 depth-1\"  >Studio<\/option><option value=\"1 Bedroom\"  class=\"choice-2 depth-1\"  >1 Bedroom<\/option><option value=\"2 Bedroom\"  class=\"choice-3 depth-1\"  >2 Bedroom<\/option><option value=\"3+ Bedrooms\"  class=\"choice-4 depth-1\"  >3+ Bedrooms<\/option><\/select><\/div><div id=\"wpforms-3351-field_2-container\" class=\"wpforms-field wpforms-field-textarea\" data-field-type=\"textarea\" data-field-id=\"2\"><label class=\"wpforms-field-label\" for=\"wpforms-3351-field_2\">Things you want to mention \u2026<\/label><textarea id=\"wpforms-3351-field_2\" class=\"wpforms-field-large\" name=\"wpforms[fields][2]\" aria-errormessage=\"wpforms-3351-field_2-error\" ><\/textarea><\/div><div id=\"wpforms-3351-field_12-container\" class=\"wpforms-field wpforms-field-date-time\" data-field-type=\"date-time\" data-field-id=\"12\"><fieldset><legend class=\"wpforms-field-label\">If you would like us to respond at a specific time and date, just let us know.<\/legend><div class=\"wpforms-field-row wpforms-field-medium\"><div class=\"wpforms-field-row-block wpforms-date-type-datepicker\"><div class=\"wpforms-datepicker-wrap\"><input type=\"text\" id=\"wpforms-3351-field_12\" class=\"wpforms-field-date-time-date wpforms-datepicker\" data-date-format=\"m\/d\/Y\" data-limit-days=\"mon,tue,wed,thu,fri\" data-disable-past-dates=\"1\" data-disable-todays-date=\"0\" data-input=\"true\" name=\"wpforms[fields][12][date]\" aria-errormessage=\"wpforms-3351-field_12-error\" ><a title=\"Clear Date\" data-clear role=\"button\" tabindex=\"0\" class=\"wpforms-datepicker-clear\" aria-label=\"Clear Date\" style=\"display:none;\"><\/a><\/div><label for=\"wpforms-3351-field_12\" class=\"wpforms-field-sublabel after\">Date<\/label><\/div><div class=\"wpforms-field-row-block\"><input type=\"text\" id=\"wpforms-3351-field_12-time\" class=\"wpforms-field-date-time-time wpforms-timepicker\" data-time-format=\"H:i\" data-step=\"15\" data-rule-time24h=\"true\" data-min-time=\"09:30\" data-max-time=\"17:00\" data-rule-time-limit=\"true\" name=\"wpforms[fields][12][time]\" aria-errormessage=\"wpforms-3351-field_12-time-error\" ><label for=\"wpforms-3351-field_12-time\" class=\"wpforms-field-sublabel after\">Time<\/label><\/div><\/div><\/fieldset><\/div><div id=\"wpforms-3351-field_13-container\" class=\"wpforms-field wpforms-field-hidden\" data-field-type=\"hidden\" data-field-id=\"13\"><input type=\"hidden\" id=\"wpforms-3351-field_13\" name=\"wpforms[fields][13]\" value=\"  04\/05\/2026 216.73.216.99 {entry_user_journey}\"><\/div><div id=\"wpforms-3351-field_22-container\" class=\"wpforms-field wpforms-field-html\" data-field-type=\"html\" data-field-id=\"22\"><div id=\"wpforms-3351-field_22\" aria-errormessage=\"wpforms-3351-field_22-error\"><br \/><\/div><\/div><\/div><!-- .wpforms-field-container --><div class=\"wpforms-submit-container\" ><input type=\"hidden\" name=\"wpforms[id]\" value=\"3351\"><input type=\"hidden\" name=\"page_title\" value=\"\"><input type=\"hidden\" name=\"page_url\" value=\"https:\/\/bekins.world\/index.php\/wp-json\/wp\/v2\/pages\/3958\"><input type=\"hidden\" name=\"url_referer\" value=\"\"><button type=\"submit\" name=\"wpforms[submit]\" id=\"wpforms-submit-3351\" class=\"wpforms-submit\" data-alt-text=\"Sending...\" data-submit-text=\"Submit - NOW\" aria-live=\"assertive\" value=\"wpforms-submit\">Submit - NOW<\/button><img decoding=\"async\" src=\"https:\/\/bekins.world\/wp-content\/plugins\/wpforms\/assets\/images\/submit-spin.svg\" class=\"wpforms-submit-spinner\" style=\"display: none;\" width=\"26\" height=\"26\" alt=\"Loading\"><\/div><\/form><\/div>  <!-- .wpforms-container -->\n\n\n\r\n\t\t\t\t\r\n\t\t\t\t\t<style>\r\n\r\n\t\t\t\t\t\t.mx-clock-europe-budapest743 * {\r\n\t\t\t\t\t\t\tfont-size: 12px !important\t\t\t\t\t\t}\r\n\t\t\t\t\t\t\r\n\t\t\t\t\t<\/style>\r\n\r\n\t\t\t\t\r\n\t\t\t\t<div class=\"mx-localize-time\">\r\n\r\n\t\t\t\t\t\t\t\t\t\r\n\t\t\t\t\t\t<div class='mx-clock-europe-budapest743 mx-clock-live-el'\r\n\t\t\t\t\t\t\tdata-bg-img-url='https:\/\/bekins.world\/wp-content\/plugins\/mx-time-zone-clocks\/includes\/admin\/assets\/img\/clock-face2.png'\r\n\t\t\t\t\t\t\tdata-time_zone='Europe\/Budapest'\r\n\t\t\t\t\t\t\tdata-city_name='in Budapest'\r\n\t\t\t\t\t\t\tdata-date_format='12'\r\n\t\t\t\t\t\t\tdata-digital_clock='false'\r\n\t\t\t\t\t\t\tdata-lang='en'\r\n\t\t\t\t\t\t\tdata-lang_for_date='en'\r\n\t\t\t\t\t\t\tdata-show_days='true'\r\n\t\t\t\t\t\t\tdata-showSecondHand='false'\r\n\t\t\t\t\t\t\tdata-arrow_type='classical'\r\n\t\t\t\t\t\t\tdata-super_simple='false'\r\n\t\t\t\t\t\t\tdata-arrows_color='green'\r\n\t\t\t\t\t\t><\/div>\r\n\r\n\t\t\t\t\t\r\n\t\t\t\t<\/div>\r\n\r\n\t\t\t\n<\/div>\n\n\n\n<div class=\"wp-block-column eplus-wrapper is-layout-flow wp-block-column-is-layout-flow\" style=\"border-left-style:none;border-left-width:0px;padding-bottom:0px;padding-left:10px;flex-basis:75%\">\n<h3 class=\"wp-block-heading eplus-wrapper\"><mark style=\"background-color:rgba(0, 0, 0, 0)\" class=\"has-inline-color has-custom-color-1-color\"><strong>Relocating to Budapest<\/strong><\/mark><\/h3>\n\n\n\n<p class=\"eplus-wrapper\" style=\"margin-top:0px;margin-bottom:0px;padding-top:0px;font-size:clamp(0.875rem, 0.875rem + ((1vw - 0.2rem) * 0.458), 1.15rem);line-height:1.2\"><img decoding=\"async\" width=\"8\" height=\"2\" class=\"wp-image-55\" style=\"width: 8px;\" src=\"https:\/\/bekins.world\/wp-content\/uploads\/2023\/11\/Spacer24x8.jpg\" alt=\"\">Moving to Budapest, the Hungarian capital, offers a unique blend of historical charm and modern European life. Planning ahead makes a big difference. <a href=\"https:\/\/bekins.world\/index.php\/staff-devoted-to-international-moves\/\" target=\"_blank\" rel=\"noopener\" title=\"\">Bekins Worldwide, using its decades of international move experience and expertise, is here to help you<\/a>, with both the best time of year to move and what to expect on the day you move into your new residence.<\/p>\n\n\n\n<figure class=\"wp-block-video eplus-wrapper\"><video height=\"360\" style=\"aspect-ratio: 640 \/ 360;\" width=\"640\" autoplay loop muted poster=\"https:\/\/bekins.world\/wp-content\/uploads\/2025\/08\/Hungary.webp\" src=\"https:\/\/bekins.world\/wp-content\/uploads\/2025\/08\/Hungary.mp4\"><\/video><\/figure>\n\n\n\n<p class=\"eplus-wrapper\" style=\"font-size:clamp(0.875rem, 0.875rem + ((1vw - 0.2rem) * 0.458), 1.15rem);line-height:1.2\"><img decoding=\"async\" width=\"8\" height=\"2\" class=\"wp-image-55\" style=\"width: 8px;\" src=\"https:\/\/bekins.world\/wp-content\/uploads\/2023\/11\/Spacer24x8.jpg\" alt=\"\">The shoulder seasons of spring (March to May) and fall (September to October) are  the best times to move to Budapest. The weather is pleasant then and fewer tourist crowds exist compared to the bustling summer months. Spring brings blossoming flowers and vibrant greenery, while autumn offers beautiful fall colors although with a slightly higher chance of rain. You&#8217;ll find it easier to move in, navigate the city, secure housing, and handle setup tasks, without the heat of summer or the winters cold with its risks and costs. Lacquer finished furniture and oil paintings, for example, separate from their substrates during cold shipping. Weather delays can interrupt the unpacking and repacking at customs inspections. Best to just avoid those challenges, delays and unexpected port storage costs.<\/p>\n\n\n\n<p class=\"eplus-wrapper\" style=\"font-size:clamp(0.875rem, 0.875rem + ((1vw - 0.2rem) * 0.458), 1.15rem);line-height:1.2\"><img decoding=\"async\" width=\"8\" height=\"2\" class=\"wp-image-55\" style=\"width: 8px;\" src=\"https:\/\/bekins.world\/wp-content\/uploads\/2023\/11\/Spacer24x8.jpg\" alt=\"\">When you finally arrive, there are a few things to be mindful of. First, everyday interactions without some Hungarian will be challenging, even though English is sometimes available in Budapest. Second, cash is king in some places, as credit card usage can be less widespread in smaller stores or restaurants. It&#8217;s wise to have some Hungarian Forints (HUF) on hand, especially for smaller vendors. Be aware of ATMs with high fees, such as Euronet, and use ones associated with a major bank.<\/p>\n\n\n\n<p style=\"font-size:clamp(0.875rem, 0.875rem + ((1vw - 0.2rem) * 0.458), 1.15rem);line-height:1.2\"><img decoding=\"async\" width=\"16\" height=\"4\" class=\"wp-image-55\" style=\"width: 16px;\" src=\"https:\/\/bekins.world\/wp-content\/uploads\/2023\/11\/Spacer24x8.jpg\" alt=\"\">Those living in Budapest (i.e. they call themselves &#8220;budapesti&#8221; ) as well as all the other Hungarians (i.e. who call themselves &#8220;magyar&#8221; as they refer to their country as &#8220;Magyarorsz\u00e1g) have a intense love of life that will be part of your thrilling adventure. With the right planning, timing and mindset, you\u2019ll find that Budapest\u2019s charm is well worth the effort.<\/p>\n\n\n\n<p class=\"has-text-align-center eplus-wrapper has-custom-color-6-color has-text-color has-link-color wp-elements-c820dc997e02a352a0c64bcb00e14f26\" style=\"font-size:clamp(0.875rem, 0.875rem + ((1vw - 0.2rem) * 0.458), 1.15rem);\"><strong><mark style=\"background-color:rgba(0, 0, 0, 0)\" class=\"has-inline-color has-custom-color-6-color\"><a href=\"https:\/\/www.timeanddate.com\/weather\/hungary\/budapest\" target=\"_blank\" rel=\"noopener\" title=\"Weather in Budapest\">To check the Weather in Budapest&#8230; Click Here<\/a><\/mark><\/strong><\/p>\n\n\n\n<h3 class=\"wp-block-heading has-text-align-center\" style=\"margin-bottom:0px\"><mark style=\"background-color:rgba(0, 0, 0, 0)\" class=\"has-inline-color has-custom-color-1-color\"><strong>More Help With Moving to Budapest<\/strong><\/mark><\/h3>\n\n\n\n<div class=\"wp-block-columns is-layout-flex wp-container-core-columns-is-layout-7cf3b381 wp-block-columns-is-layout-flex\" style=\"margin-top:2px\">\n<div class=\"wp-block-column is-layout-flow wp-block-column-is-layout-flow\" style=\"flex-basis:30%\">\n<p class=\"eplus-wrapper has-custom-color-1-color has-text-color has-link-color wp-elements-13f5044268b6d0eeeac567b05beb19e3\" style=\"margin-top:var(--wp--preset--spacing--10);margin-bottom:1rem;padding-top:0px;padding-bottom:0px;font-size:clamp(0.875rem, 0.875rem + ((1vw - 0.2rem) * 0.375), 1.1rem);line-height:1.2\">\u2022 <strong><a href=\"https:\/\/www.numbeo.com\/cost-of-living\/in\/Budapest\" target=\"_blank\" rel=\"noopener\" title=\"Cost of Living in Budapest\">Cost of Living in Budapest<\/a><\/strong><br>\u2022 <strong><a href=\"https:\/\/www.budapestinfo.hu\/en\" target=\"_blank\" rel=\"noopener\" title=\"City of Budapest\">City of Budapest<\/a><\/strong><br>\u2022 <strong><a href=\"https:\/\/2015-2019.kormany.hu\/en\" target=\"_blank\" rel=\"noopener\" title=\"Government of Hungary\">Government of Hungary<\/a><\/strong><br>\u2022 <strong><a href=\"https:\/\/www.nyilvantarto.hu\/archiv_honlap\/kozos\/index_en.php?k=road_traffic_en_01\" target=\"_blank\" rel=\"noopener\" title=\"Import a vehicle into Hungary\">Vehicle Importation<\/a><\/strong><\/p>\n\n\n\n<p class=\"eplus-wrapper has-custom-color-1-color has-text-color has-link-color wp-elements-a1d13ee43862b1444a2749ab97f06b87\" style=\"margin-top:var(--wp--preset--spacing--10);margin-bottom:1rem;padding-top:0px;padding-bottom:0px;font-size:clamp(0.875rem, 0.875rem + ((1vw - 0.2rem) * 0.375), 1.1rem);line-height:1.20\">\u2022&nbsp;<strong><a href=\"https:\/\/ottawa.mfa.gov.hu\/eng\/page\/vancouveri-alkonzulatus\" target=\"_blank\" rel=\"noopener\" title=\"Hungarian Consulate in Vancouver\">Hungarian Consulate \u2013 Vancouver<\/a><\/strong><br>\u2022&nbsp;<strong><a href=\"https:\/\/ottawa.mfa.gov.hu\/eng\/page\/a-torontoi-fokonzulatus\" target=\"_blank\" rel=\"noopener\" title=\"Hungarian Consulate in Toronto\">Hungarian Consulate \u2013 Toronto<\/a><\/strong><br>\u2022&nbsp;<strong><a href=\"https:\/\/ottawa.mfa.gov.hu\/eng\" target=\"_blank\" rel=\"noopener\" title=\"Hungary Embassy in Ottawa\">Hungarian Embassy \u2013 Ottawa<\/a><\/strong><\/p>\n<\/div>\n\n\n\n<div class=\"wp-block-column is-layout-flow wp-block-column-is-layout-flow\" style=\"flex-basis:35%\">\n<p class=\"has-text-align-center eplus-wrapper has-custom-color-1-color has-text-color has-link-color has-system-serif-font-family wp-elements-27387de97fa01124e46039dcbbe721b4\" style=\"margin-top:1rem;margin-bottom:0rem;font-size:clamp(0.875rem, 0.875rem + ((1vw - 0.2rem) * 0.542), 1.2rem);line-height:1.2\"><strong>To make a call to Budapest<\/strong><br>\u2022 Dial 011 (outside North America)<br>\u2022 Dial 36 (code for Hungary)<strong> <\/strong><br>\u2022 Dial 1 (Budapest area code)<br>\u2022 Dial the local phone number<br> or the cell phone number<\/p>\n\n\n\n<p class=\"has-text-align-center eplus-wrapper has-link-color has-system-serif-font-family wp-elements-95d7d9f2e070800508cb1cbaa3c7c483\" style=\"margin-top:1rem;margin-bottom:0rem;font-size:clamp(0.875rem, 0.875rem + ((1vw - 0.2rem) * 0.542), 1.2rem);line-height:1.2\"><strong><mark style=\"background-color:rgba(0, 0, 0, 0)\" class=\"has-inline-color has-custom-color-9-color\">In Budapest use 112 for emergencies.<\/mark><\/strong><\/p>\n<\/div>\n\n\n\n<div class=\"wp-block-column is-layout-flow wp-block-column-is-layout-flow\" style=\"flex-basis:35%\">\n<p class=\"eplus-wrapper has-custom-color-1-color has-text-color has-link-color wp-elements-b0320b0ef3eb46c9c7465a304995182d\" style=\"margin-top:var(--wp--preset--spacing--10);margin-bottom:1rem;padding-top:0px;padding-bottom:0px;font-size:clamp(0.875rem, 0.875rem + ((1vw - 0.2rem) * 0.375), 1.1rem);line-height:1.20\">\u2022 <strong><a href=\"https:\/\/ottawa.mfa.gov.hu\/eng\/page\/requirements-for-short-stays-in-hungary\" target=\"_blank\" rel=\"noopener\" title=\"Moving to Hungary from Canada \">Hungarian Visa and Immigration<\/a><\/strong><br>\u2022 <strong><a href=\"https:\/\/www.euraxess.hu\/node\/102325\/taxationsalaries\" target=\"_blank\" rel=\"noopener\" title=\"Hungary Taxes\">Taxation Information<\/a><\/strong><br>\u2022 <strong><a href=\"https:\/\/www.patientsrights.hu\/healthcare-system-in-hungary.html\" target=\"_blank\" rel=\"noopener\" title=\"Hungarian Health Care &amp; Insurance\">Hungarian Health Care<\/a><\/strong><\/p>\n\n\n\n<p class=\"eplus-wrapper has-custom-color-1-color has-text-color has-link-color wp-elements-86bc43eee724ee80b7e9787c0a8df4a0\" style=\"margin-top:var(--wp--preset--spacing--10);margin-bottom:1rem;padding-top:0px;padding-bottom:0px;font-size:clamp(0.875rem, 0.875rem + ((1vw - 0.2rem) * 0.375), 1.1rem);line-height:1.20\">\u2022 <strong><a href=\"https:\/\/eurydice.eacea.ec.europa.eu\/eurypedia\/hungary\/organisation-education-system-and-its-structure\" target=\"_blank\" rel=\"noopener\" title=\"Hungarian Education\">Hungarian Education<\/a><\/strong><\/p>\n\n\n\n<p class=\"eplus-wrapper has-custom-color-1-color has-text-color has-link-color wp-elements-2ce42fc46f3f171f3cae2d357d166c9d\" style=\"margin-top:var(--wp--preset--spacing--10);margin-bottom:1rem;padding-top:0px;padding-bottom:0px;font-size:clamp(0.875rem, 0.875rem + ((1vw - 0.2rem) * 0.375), 1.1rem);line-height:1.20\">\u2022 <strong><a href=\"https:\/\/www.elte.hu\/en\/\" target=\"_blank\" rel=\"noopener\" title=\"Eotvos Lorand University\">E\u00f6tv\u00f6s Lor\u00e1nd University<\/a><\/strong><br>\u2022 <a href=\"https:\/\/semmelweis.hu\/english\/\" target=\"_blank\" rel=\"noopener\" title=\"Semmelweis University \"><strong><a href=\"https:\/\/www.universityguru.com\/university\/semmelweis-university-budapest\">Semmelweis University<\/a><\/strong><\/a><\/p>\n<\/div>\n<\/div>\n<\/div>\n<\/div>\n","protected":false},"excerpt":{"rendered":"<p>Arrange Moving to Budapest Now Relocating to Budapest Moving to Budapest, the Hungarian capital, offers a unique blend of historical charm and modern European life. Planning ahead makes a big difference. Bekins Worldwide, using its decades of international move experience and expertise, is here to help you, with both the best time of year to [&hellip;]<\/p>\n","protected":false},"author":1,"featured_media":0,"parent":0,"menu_order":0,"comment_status":"closed","ping_status":"closed","template":"","meta":{"iawp_total_views":3,"footnotes":""},"class_list":["post-3958","page","type-page","status-publish","hentry"],"aioseo_notices":[],"_links":{"self":[{"href":"https:\/\/bekins.world\/index.php\/wp-json\/wp\/v2\/pages\/3958","targetHints":{"allow":["GET"]}}],"collection":[{"href":"https:\/\/bekins.world\/index.php\/wp-json\/wp\/v2\/pages"}],"about":[{"href":"https:\/\/bekins.world\/index.php\/wp-json\/wp\/v2\/types\/page"}],"author":[{"embeddable":true,"href":"https:\/\/bekins.world\/index.php\/wp-json\/wp\/v2\/users\/1"}],"replies":[{"embeddable":true,"href":"https:\/\/bekins.world\/index.php\/wp-json\/wp\/v2\/comments?post=3958"}],"version-history":[{"count":0,"href":"https:\/\/bekins.world\/index.php\/wp-json\/wp\/v2\/pages\/3958\/revisions"}],"wp:attachment":[{"href":"https:\/\/bekins.world\/index.php\/wp-json\/wp\/v2\/media?parent=3958"}],"curies":[{"name":"wp","href":"https:\/\/api.w.org\/{rel}","templated":true}]}}